{"id":62,"date":"2023-01-14T17:34:54","date_gmt":"2023-01-14T08:34:54","guid":{"rendered":"http:\/\/openclinic.heteml.net\/dev\/ygjc\/?page_id=62"},"modified":"2023-01-23T00:10:57","modified_gmt":"2023-01-22T15:10:57","slug":"nutrition","status":"publish","type":"page","link":"http:\/\/openclinic.heteml.net\/dev\/ygjc\/course\/nutrition\/","title":{"rendered":"\u98df\u7269\u6804\u990a\u79d1 \u6804\u990a\u58eb\u30b3\u30fc\u30b9"},"content":{"rendered":"<p><!--====================\u25bcheaderImg====================--><\/p>\n<div id=\"headerImg\" class=\"headerImg_nutrition01\">\n<h2>\u98df\u7269\u6804\u990a\u79d1 \u6804\u990a\u58eb\u30b3\u30fc\u30b9<\/h2>\n<\/div>\n<ol class=\"ol_topicPath\">\n<li><a href=\"\/dev\/ygjc\/\">HOME<\/a><\/li>\n<li><a href=\"\/dev\/ygjc\/course\">\u5b66\u79d1\u6848\u5185<\/a><\/li>\n<li>\u98df\u7269\u6804\u990a\u79d1 \u6804\u990a\u58eb\u30b3\u30fc\u30b9<\/li>\n<\/ol>\n<p><!--====================\u25b2headerImg====================--><\/p>\n<p><!--====================\u25bccontents====================--><\/p>\n<nav class=\"nav_local01 nutrition\">\n<ul>\n<li><a href=\"#index-01\">\u53d6\u5f97\u3067\u304d\u308b\u5b66\u4f4d<\/a><\/li>\n<li><a href=\"#index-02\">\u53d6\u5f97\u3067\u304d\u308b\u8cc7\u683c\u3001\u3081\u3056\u3059\u8cc7\u683c<\/a><\/li>\n<li><a href=\"#index-03\">\u6559\u80b2\u76ee\u6a19<\/a><\/li>\n<li><a href=\"#index-04\">\u9032\u8def\u72b6\u6cc1<\/a><\/li>\n<li><a href=\"#index-05\">\u6559\u80b2\u79d1\u76ee<\/a><\/li>\n<li><a href=\"\/dev\/ygjc\/about\/teacher#shoku-teacher\">\u6559\u54e1\u7d39\u4ecb<\/a><\/li>\n<\/ul>\n<\/nav>\n<div id=\"area_nutrition01\">\n<div class=\"inner01\">\n<div class=\"headline\">\u98df\u5206\u91ce\u304b\u3089\u4eba\u3005\u306e\u5065\u5eb7\u3092\u652f\u3048\u308b\u30b9\u30da\u30b7\u30e3\u30ea\u30b9\u30c8\u3092\u3081\u3056\u3059<\/div>\n<div class=\"description\">\u5065\u5eb7\u30fb\u6804\u990a\u306e\u30b9\u30da\u30b7\u30e3\u30ea\u30b9\u30c8\u3067\u3042\u308b\u6804\u990a\u58eb\u3092\u3081\u3056\u3059\u30b3\u30fc\u30b9\u3067\u3059\u3002\u6240\u5b9a\u306e\u5358\u4f4d\u3092\u4fee\u5f97\u3059\u308c\u3070\u3001\u6804\u990a\u58eb\u8cc7\u683c\u304c\u5352\u696d\u6642\u306b\u53d6\u5f97\u3067\u304d\u307e\u3059\u3002<br \/>\n\t\u98df\u306b\u95a2\u308f\u308b\u5c02\u9580\u7684\u306a\u77e5\u8b58\u30fb\u6280\u80fd\u30fb\u5b9f\u8df5\u529b\u3092\u5e45\u5e83\u304f\u8eab\u306b\u3064\u3051\u3089\u308c\u307e\u3059\u3002\u3055\u3089\u306b\u3001\u30ec\u30b9\u30c8\u30e9\u30f3\u30b5\u30fc\u30d3\u30b9\u306b\u3064\u3044\u3066\u3082\u5b66\u7fd2\u3059\u308b\u3053\u3068\u304c\u53ef\u80fd\u3067\u3059\u3002<\/div>\n<div class=\"box_feature_nutrition01\">\n<div class=\"tit_feature01\"><img loading=\"lazy\" decoding=\"async\" src=\"http:\/\/openclinic.heteml.net\/dev\/ygjc\/wp-content\/themes\/wsc8\/image\/course\/nutrition\/tit_nutrition01.png\" width=\"268\" height=\"54\" alt=\"\u30b3\u30fc\u30b9\u306e\u7279\u5fb4\"\/><\/div>\n<ul class=\"ul_feature01 nutrition\">\n<li>\u5352\u696d\u3068\u540c\u6642\u306b\u6804\u990a\u58eb\u8cc7\u683c\u304c\u53d6\u5f97\u3067\u304d\u307e\u3059\uff08\u6240\u5b9a\u306e\u5358\u4f4d\u306e\u4fee\u5f97\u304c\u5fc5\u8981\uff09\u3002<\/li>\n<li>\u30ec\u30b9\u30c8\u30e9\u30f3\u30b5\u30fc\u30d3\u30b9\u6280\u80fd\u58eb\uff08\u56fd\u5bb6\u8cc7\u683c\uff09\u306e\u8cc7\u683c\u306b\u3082\u6311\u6226\u3067\u304d\u307e\u3059\u3002<\/li>\n<li>\u540c\u30ad\u30e3\u30f3\u30d1\u30b9\u306e\u5c71\u68a8\u5b66\u9662\u5927\u5b66\u5065\u5eb7\u6804\u990a\u5b66\u90e8\u7ba1\u7406\u6804\u990a\u5b66\u79d1\u3078\u306e3\u5e74\u6b21\u7de8\u5165\u306b\u3088\u308a\u3001\u5927\u5b66\u5352\u696d\u6642\u306b\u7ba1\u7406\u6804\u990a\u58eb\u56fd\u5bb6\u8a66\u9a13\u306e\u53d7\u9a13\u8cc7\u683c\u304c\u5f97\u3089\u308c\u307e\u3059\u3002<\/li>\n<\/ul><\/div>\n<\/div>\n<\/div>\n<div id=\"area_lectures01\" class=\"nutrition\">\n<div class=\"tit_lectures01 nutrition\">Lectures<span class=\"sub\"><img loading=\"lazy\" decoding=\"async\" src=\"http:\/\/openclinic.heteml.net\/dev\/ygjc\/wp-content\/themes\/wsc8\/image\/course\/nutrition\/tit_nutrition02.png\" width=\"280\" height=\"42\" alt=\"\u4e3b\u306a\u6388\u696d\u306e\u7d39\u4ecb\"\/><\/span><\/div>\n<div class=\"slider_02 nutrition\">\n<div class=\"item\">\n\t\t<img decoding=\"async\" src=\"http:\/\/openclinic.heteml.net\/dev\/ygjc\/wp-content\/themes\/wsc8\/image\/pic_640x396.png\" alt=\"\u8abf\u7406\u306e\u57fa\u672c\"><\/p>\n<div class=\"head\">\u8abf\u7406\u306e\u57fa\u672c<\/div>\n<div>\u5bb6\u5ead\u6599\u7406\u3092\u4e2d\u5fc3\u306b\u3001\u5b9f\u8df5\u30fb\u5fdc\u7528\u304c\u3067\u304d\u308b\u6280\u8853\u306e\u7fd2\u5f97\u3092\u3081\u3056\u3057\u3001\u8abf\u7406\u7406\u8ad6\u306b\u57fa\u3065\u3044\u305f\u5b9f\u7fd2\u3067\u3001\u77e5\u8b58\u3084\u6280\u8853\u3092\u8eab\u306b\u4ed8\u3051\u307e\u3059\u3002<\/div>\n<\/p><\/div>\n<div class=\"item\">\n\t\t<img decoding=\"async\" src=\"http:\/\/openclinic.heteml.net\/dev\/ygjc\/wp-content\/themes\/wsc8\/image\/pic_640x396.png\" alt=\"\u7d66\u98df\u904b\u55b6\u5b9f\u7fd2\u2162\u30fb\u2163\"><\/p>\n<div class=\"head\">\u7d66\u98df\u904b\u55b6\u5b9f\u7fd2\u2162\u30fb\u2163<\/div>\n<div>\u5b66\u5185\u3067\u306e\u5b66\u3073\u3092\u57fa\u790e\u306b\u3001\u4e8b\u52d9\u6240\u30fb\u9ad8\u9f62\u8005\u798f\u7949\u65bd\u8a2d\u30fb\u75c5\u9662\u7b49\u306e\u5b66\u5916\u306e\u65bd\u8a2d\u306b\u304a\u3044\u3066\u6804\u990a\u58eb\u696d\u52d9\u3092\u4f53\u9a13\u3057\u3001\u5b9f\u8df5\u529b\u3092\u990a\u3044\u307e\u3059\u3002<\/div>\n<\/p><\/div>\n<div class=\"item\">\n\t\t<img decoding=\"async\" src=\"http:\/\/openclinic.heteml.net\/dev\/ygjc\/wp-content\/themes\/wsc8\/image\/pic_640x396.png\" alt=\"\u5fdc\u7528\u8abf\u7406\u5b9f\u7fd2\"><\/p>\n<div class=\"head\">\u5fdc\u7528\u8abf\u7406\u5b9f\u7fd2<\/div>\n<div>\u8abf\u7406\u306e\u5b9f\u8df5\u30fb\u5fdc\u7528\u304c\u3067\u304d\u308b\u6280\u8853\u306e\u7fd2\u5f97\u3092\u3081\u3056\u3057\u307e\u3059\u3002\u98df\u7269\u30a2\u30ec\u30eb\u30ae\u30fc\u306b\u5bfe\u5fdc\u3059\u308b\u8abf\u7406\u6280\u8853\u3082\u7fd2\u5f97\u3057\u307e\u3059\u3002<\/div>\n<\/p><\/div>\n<div class=\"item\">\n\t\t<img decoding=\"async\" src=\"http:\/\/openclinic.heteml.net\/dev\/ygjc\/wp-content\/themes\/wsc8\/image\/pic_640x396.png\" alt=\"\u98df\u54c1\u5b66\u5b9f\u9a13\"><\/p>\n<div class=\"head\">\u98df\u54c1\u5b66\u5b9f\u9a13<\/div>\n<div>\u98df\u54c1\u6210\u5206\u306e\u6027\u8cea\u3068\u5909\u5316\u3001\u751f\u9bae\u98df\u54c1\u306e\u54c1\u8cea\u8a55\u4fa1\u3001\u5b98\u80fd\u691c\u67fb\u306b\u3088\u308b\u55dc\u597d\u8abf\u67fb\u3001\u98df\u54c1\u306e\u30c6\u30af\u30b9\u30c1\u30e3\u30fc\u306b\u3064\u3044\u3066\u7406\u89e3\u3092\u6df1\u3081\u307e\u3059\u3002<\/div>\n<\/p><\/div>\n<div class=\"item\">\n\t\t<img decoding=\"async\" src=\"http:\/\/openclinic.heteml.net\/dev\/ygjc\/wp-content\/themes\/wsc8\/image\/pic_640x396.png\" alt=\"\u6804\u990a\u58eb\u7279\u8b1bI\u30fbII\"><\/p>\n<div class=\"head\">\u6804\u990a\u58eb\u7279\u8b1bI\u30fbII<\/div>\n<div>\u6804\u990a\u58eb\u3092\u3068\u308a\u307e\u304f\u793e\u4f1a\u4f53\u5236\u3084\u5236\u5ea6\u3001\u6cd5\u5f8b\u3001\u7701\u5e81\u767a\u8868\u8cc7\u6599\u7b49\u3001\u6700\u65b0\u306e\u52d5\u5411\u3092\u7406\u89e3\u3057\u3001\u5c02\u9580\u6559\u80b2\u79d1\u76ee\u306e\u5b66\u7fd2\u3092\u6df1\u3081\u307e\u3059\u3002<\/div>\n<\/p><\/div>\n<div class=\"item\">\n\t\t<img decoding=\"async\" src=\"http:\/\/openclinic.heteml.net\/dev\/ygjc\/wp-content\/themes\/wsc8\/image\/pic_640x396.png\" alt=\"\u5352\u696d\u6f14\u7fd2I\u30fbII\"><\/p>\n<div class=\"head\">\u5352\u696d\u6f14\u7fd2I\u30fbII<\/div>\n<div>\u57fa\u790e\u6f14\u7fd2\u3067\u306e\u5b66\u7fd2\u3092\u57fa\u76e4\u3068\u3057\u3001\u81ea\u3089\u4e3b\u4f53\u7684\u306b\u30c6\u30fc\u30de\u8a2d\u5b9a\u30fb\u7814\u7a76\u30fb\u88fd\u4f5c\u3057\u305f\u6210\u679c\u3092\u5352\u696d\u30ec\u30dd\u30fc\u30c8\u3078\u3068\u307e\u3068\u3081\u3066\u3044\u304d\u307e\u3059\u3002<\/div>\n<\/p><\/div>\n<\/div>\n<\/div>\n<div id=\"contents\">\n<div class=\"inner01\">\n<section>\n<ul class=\"ul_gakui01 nutrition\">\n<li>\n<div class=\"head\" id=\"index-01\">\u53d6\u5f97\u3067\u304d\u308b\u5b66\u4f4d<\/div>\n<div class=\"text\">\n\t\t\t<span class=\"txt_maru_org01\"><strong>\u77ed\u671f\u5927\u5b66\u58eb\uff08\u98df\u7269\u6804\u990a\u5b66\uff09<\/strong><\/span>\n\t\t<\/div>\n<\/li>\n<li>\n<div class=\"head\" id=\"index-02\">\u53d6\u5f97\u3067\u304d\u308b\u8cc7\u683c\u3001\u3081\u3056\u3059\u8cc7\u683c<\/div>\n<div class=\"text\">\n\t\t\t<span class=\"txt_maru_org01\"><strong>\u6804\u990a\u58eb\u8cc7\u683c<\/strong> [\u56fd\u5bb6\u8cc7\u683c]<\/span><br \/>\n\t\t\t<span class=\"txt_maru_org01\"><strong>\u30ec\u30b9\u30c8\u30e9\u30f3\u30b5\u30fc\u30d3\u30b9\u6280\u80fd\u58eb3\u7d1a \u53d7\u691c\u8cc7\u683c<\/strong> [\u56fd\u5bb6\u8cc7\u683c]<\/span><br \/>\n\t\t\t<span class=\"txt_maru_gry01\">\u30b9\u30a4\u30fc\u30c4\u30de\u30a4\u30b9\u30bf\u30fc [\u672c\u5b66\u8a8d\u5b9a\u8cc7\u683c]<\/span>\n\t\t<\/div>\n<\/li>\n<li>\n<div class=\"head\" id=\"index-03\">\u6559\u80b2\u76ee\u6a19<\/div>\n<div class=\"text\">\n\t\t\t\u98df\u306b\u95a2\u308f\u308b\u5c02\u9580\u7684\u306a\u77e5\u8b58\u30fb\u6280\u80fd\u30fb\u5b9f\u8df5\u529b\u3092\u5099\u3048\u305f\u6804\u990a\u58eb\u306e\u80b2\u6210\n\t\t<\/div>\n<\/li>\n<\/ul>\n<\/section>\n<section>\n<h2 class=\"h2_com02 nutrition\">\u6804\u990a\u58eb\u30b3\u30fc\u30b9 \u7d39\u4ecb\u52d5\u753b<\/h2>\n<div style=\"margin: 0 auto 1rem auto; max-width: 640px;\">\n<video width=\"100%\" poster=\"http:\/\/openclinic.heteml.net\/dev\/ygjc\/wp-content\/themes\/wsc8\/image\/campuslife\/movie\/thumb_nutritionist.jpg\" controls=\"controls\"><source src=\"..\/video\/intro_nutri_640.mp4\" type=\"video\/mp4\"><p>\u52d5\u753b\u3092\u518d\u751f\u3059\u308b\u306b\u306fvideo\u30bf\u30b0\u3092\u30b5\u30dd\u30fc\u30c8\u3057\u305f\u30d6\u30e9\u30a6\u30b6\u304c\u5fc5\u8981\u3067\u3059\u3002<\/p><\/video><\/p>\n<p>\u30d5\u30a1\u30a4\u30eb\u30b5\u30a4\u30ba\uff1a\u7d0410MB<\/p>\n<\/div>\n<\/section>\n<section>\n<h2 class=\"h2_com02 nutrition\" id=\"index-04\">\u9032\u8def\u72b6\u6cc1<small>\uff082022\u5e743\u6708\u5352\u696d\u751f\uff09<\/small><\/h2>\n<div class=\"box_career01\">\n<h3 class=\"h3_career01 nutrition\">\u9032\u8def\u6c7a\u5b9a\u7387<\/h3>\n<div class=\"career_rate nutrition\">96<small>.4%<\/small><\/div>\n<div class=\"career_siki\">\u9032\u8def\u6c7a\u5b9a\u7387\uff1d\uff08\u5c31\u8077\u6c7a\u5b9a\u8005\u6570\uff0b\u9032\u5b66\u6c7a\u5b9a\u8005\u6570\uff09\uff0f\u5352\u696d\u751f\u7dcf\u6570<\/div>\n<\/div>\n<div class=\"box_career02\">\n<h3 class=\"h3_career01 nutrition\">\u8077\u7a2e\u5225 \u9032\u8def\u72b6\u6cc1<\/h3>\n<p>\t<img loading=\"lazy\" decoding=\"async\" src=\"http:\/\/openclinic.heteml.net\/dev\/ygjc\/wp-content\/themes\/wsc8\/image\/course\/nutrition\/img_nutrition_career2022.png\" width=\"551\" height=\"329\" class=\"img_center01\" alt=\"\u8077\u7a2e\u5225\u3000\u9032\u8def\u72b6\u6cc1\" \/>\n<\/div>\n<div class=\"box_career03\">\n<h3 class=\"h3_career01 nutrition\">\u4e3b\u306a\u5c31\u8077\u5148<\/h3>\n<p>\u25cb\u25cb\u25cb\u25cb\u25cb\u682a\u5f0f\u4f1a\u793e\uff0f\u682a\u5f0f\u4f1a\u793e\u25b3\u25b3\uff0f\u25a1\u25a1\u25a1\u25a1\u25a1\u682a\u5f0f\u4f1a\u793e\uff0f\u00d7\u00d7\u00d7\u00d7\u682a\u5f0f\u4f1a\u793e\uff0f\u682a\u5f0f\u4f1a\u793e\u25c7\u25c7\u25c7\u25c7\u25c7\u25c7\uff0f\u682a\u5f0f\u4f1a\u793e\u25cb\u25cb\u25cb\u25cb\uff0f\u25b3\u25b3\u25b3\u25b3\u25b3\u25b3\u682a\u5f0f\u4f1a\u793e\uff0f\u682a\u5f0f\u4f1a\u793e\u25a1\u25a1\u25a1\u25a1\uff0f\u682a\u5f0f\u4f1a\u793e\u00d7\u00d7\u00d7\uff0f\u682a\u5f0f\u4f1a\u793e\u25c7\u25c7\u25c7\u25c7\u25c7\u25c7\uff0f\u682a\u5f0f\u4f1a\u793e\u25cb\u25cb\u25cb\u25cb\u25cb\u25cb\u25cb\uff0f\u25b3\u25b3\u25b3\u25b3\u25b3\u25b3\u25b3\u25b3\u682a\u5f0f\u4f1a\u793e\uff0f\u25a1\u25a1\u25a1\u25a1\u25a1\u25a1\u25a1\u25a1\u682a\u5f0f\u4f1a\u793e\uff0f\u682a\u5f0f\u4f1a\u793e\u00d7\u00d7\u00d7\u00d7\u00d7\u00d7\u00d7\u00d7\u00d7\uff0f<br \/>\n\t\u25cb\u25cb\u25cb\u25cb\u25cb\u682a\u5f0f\u4f1a\u793e\uff0f\u682a\u5f0f\u4f1a\u793e\u25b3\u25b3\uff0f\u25a1\u25a1\u25a1\u25a1\u25a1\u682a\u5f0f\u4f1a\u793e\uff0f\u00d7\u00d7\u00d7\u00d7\u682a\u5f0f\u4f1a\u793e\uff0f\u682a\u5f0f\u4f1a\u793e\u25c7\u25c7\u25c7\u25c7\u25c7\u25c7\uff0f\u682a\u5f0f\u4f1a\u793e\u25cb\u25cb\u25cb\u25cb\uff0f\u25b3\u25b3\u25b3\u25b3\u25b3\u25b3\u682a\u5f0f\u4f1a\u793e\uff0f\u682a\u5f0f\u4f1a\u793e\u25a1\u25a1\u25a1\u25a1\uff0f\u682a\u5f0f\u4f1a\u793e\u00d7\u00d7\u00d7\uff0f\u682a\u5f0f\u4f1a\u793e\u25c7\u25c7\u25c7\u25c7\u25c7\u25c7\uff0f\u682a\u5f0f\u4f1a\u793e\u25cb\u25cb\u25cb\u25cb\u25cb\u25cb\u25cb<\/p>\n<\/div>\n<\/section>\n<section>\n<h2 class=\"h2_com02 nutrition\" id=\"index-05\">\u6559\u80b2\u79d1\u76ee<small>\uff082022\u5e74\u5ea6\uff09<\/small><\/h2>\n<div class=\"column_left\">\n<h3 class=\"h3_subject_blu01\">\u4e00\u822c\u57fa\u790e\u6559\u80b2\u79d1\u76ee<\/h3>\n<ul class=\"ul_course02 clearfix\">\n<li class=\"tit_general\">\u6559\u990a<\/li>\n<li class=\"tit_general\">\uff08\u4eba\u6587\u30fb\u793e\u4f1a\u79d1\u5b66\u7cfb\u5206\u91ce\uff09<\/li>\n<li>\u6587\u5b66<\/li>\n<li>\u65e5\u672c\u8a9e\u8868\u73fe<\/li>\n<li>\u5150\u7ae5\u6587\u5316\u30fb\u6587\u5b66\u8ad6<\/li>\n<li>\u6cd5\u5b66\uff08\u65e5\u672c\u56fd\u61b2\u6cd5\uff09<\/li>\n<li>\u7d4c\u6e08\u5b66<\/li>\n<li>\u56fd\u969b\u653f\u6cbb\u3068\u5b50\u3069\u3082\u305f\u3061<\/li>\n<li>\u7570\u6587\u5316\u30b3\u30df\u30e5\u30cb\u30b1\u30fc\u30b7\u30e7\u30f3<\/li>\n<li>\u73fe\u4ee3\u6587\u5316\u8ad6<\/li>\n<li>\u65b0\u793c\u6cd5<\/li>\n<li>\u77e5\u7684\u751f\u6d3b\u306e\u63a2\u6c42<\/li>\n<li class=\"tit_general\">\uff08\u82b8\u8853\u30fb\u5065\u5eb7\u79d1\u5b66\u7cfb\u5206\u91ce\uff09<\/li>\n<li>\u7d75\u753b\u3068\u306e\u5bfe\u8a71<\/li>\n<li>\u897f\u6d0b\u97f3\u697d\u306e\u4e16\u754c<\/li>\n<li>\u6f14\u5287\u5165\u9580<\/li>\n<li>\u7121\u610f\u8b58\u306e\u4e16\u754c<\/li>\n<li>\u3053\u3053\u308d\u306e\u79d1\u5b66<\/li>\n<li>\u74b0\u5883\u3068\u5065\u5eb7<\/li>\n<li>\u30d5\u30fc\u30c9\u30fb\u30b5\u30a4\u30a8\u30f3\u30b9\u3068\u5065\u5eb7<\/li>\n<li>\u98df\u751f\u6d3b<\/li>\n<li class=\"tit_general\">\uff08\u60c5\u5831\u30fb\u81ea\u7136\u79d1\u5b66\u7cfb\u5206\u91ce\uff09<\/li>\n<li>\u30b3\u30f3\u30d4\u30e5\u30fc\u30bf\u30fc\u306e\u57fa\u790e<\/li>\n<li>\u66ae\u3089\u3057\u3068\u5065\u5eb7<\/li>\n<li>\u60c5\u5831\u79d1\u5b66<\/li>\n<li>\u4eba\u9593\u3068\u6559\u80b2<\/li>\n<li>\u5c71\u68a8\u306e\u81ea\u7136<\/li>\n<li>\u751f\u547d\u79d1\u5b66<\/li>\n<li>\u751f\u7269\u79d1\u5b66<\/li>\n<li>\u6d77\u306e\u751f\u7269\u5b66<\/li>\n<li>\u85ac\u306e\u751f\u7269\u5b66<\/li>\n<\/ul>\n<ul class=\"ul_course02 clearfix\">\n<li class=\"tit_general\">\u5916\u56fd\u8a9e<\/li>\n<li>\u82f1\u8a9eA<\/li>\n<li>\u82f1\u8a9eB<\/li>\n<li>\u82f1\u8a9eC<\/li>\n<li>\u82f1\u8a9eD<\/li>\n<li>\u82f1\u4f1a\u8a71A<\/li>\n<li>\u82f1\u4f1a\u8a71B<\/li>\n<li>\u30d5\u30e9\u30f3\u30b9\u8a9eA<\/li>\n<li>\u30d5\u30e9\u30f3\u30b9\u8a9eB<\/li>\n<li>\u4e2d\u56fd\u8a9eA<\/li>\n<li>\u4e2d\u56fd\u8a9eB<\/li>\n<li>\u65e5\u672c\u8a9eI<\/li>\n<li>\u65e5\u672c\u8a9eII<\/li>\n<li>\u65e5\u672c\u8a9eIII<\/li>\n<li>\u65e5\u672c\u8a9eIV<\/li>\n<li>\u65e5\u672c\u8a9e\u7279\u8b1bA<\/li>\n<li>\u65e5\u672c\u8a9e\u7279\u8b1bB<\/li>\n<\/ul>\n<ul class=\"ul_course02 clearfix\">\n<li class=\"tit_general\">\u4fdd\u5065\u4f53\u80b2<\/li>\n<li>\u4f53\u80b2\u7406\u8ad6<\/li>\n<li>\u4f53\u80b2\u5b9f\u6280A<\/li>\n<li>\u4f53\u80b2\u5b9f\u6280B<\/li>\n<li>\u4f53\u80b2\u5b9f\u6280C<\/li>\n<li>\u4f53\u80b2\u5b9f\u6280D<\/li>\n<li>\u4f53\u80b2\u5b9f\u6280E<\/li>\n<\/ul>\n<p>\n<\/div>\n<div class=\"column_right\">\n<h3 class=\"h3_subject_orn01\">\u5c02\u9580\u6559\u80b2\u79d1\u76ee<\/h3>\n<ul class=\"ul_course02 clearfix\">\n<li class=\"tit_nutrition\">\u793e\u4f1a\u751f\u6d3b\u3068\u5065\u5eb7<\/li>\n<li>\u793e\u4f1a\u751f\u6d3b\u3068\u5065\u5eb7<\/li>\n<li>\u516c\u8846\u885b\u751f\u5b66\u7dcf\u8ad6<\/li>\n<\/ul>\n<ul class=\"ul_course02 clearfix\">\n<li class=\"tit_nutrition\">\u4eba\u4f53\u306e\u69cb\u9020\u3068\u6a5f\u80fd<\/li>\n<li>\u4eba\u4f53\u306e\u69cb\u9020\u3068\u6a5f\u80fd<\/li>\n<li>\u6804\u990a\u751f\u7406\u5b66<\/li>\n<li>\u6804\u990a\u751f\u7406\u5b66\u5b9f\u9a13<\/li>\n<li>\u904b\u52d5\u751f\u7406\u5b66<\/li>\n<li>\u751f\u5316\u5b66<\/li>\n<li>\u751f\u5316\u5b66\u5b9f\u9a13<\/li>\n<\/ul>\n<ul class=\"ul_course02 clearfix\">\n<li class=\"tit_nutrition\">\u98df\u54c1\u3068\u885b\u751f<\/li>\n<li>\u98df\u54c1\u5b66\u7dcf\u8ad6<\/li>\n<li>\u98df\u54c1\u5b66\u5b9f\u9a13<\/li>\n<li>\u98df\u54c1\u5b66\u5404\u8ad6\uff08\u98df\u54c1\u52a0\u5de5\u5b66\u3092\u542b\u3080\u3002\uff09<\/li>\n<li>\u98df\u54c1\u885b\u751f\u5b66\u7dcf\u8ad6<\/li>\n<li>\u98df\u54c1\u885b\u751f\u5b66\u5b9f\u9a13<\/li>\n<\/ul>\n<ul class=\"ul_course02 clearfix\">\n<li class=\"tit_nutrition\">\u6804\u990a\u3068\u5065\u5eb7<\/li>\n<li>\u6804\u990a\u5b66\u7dcf\u8ad6<\/li>\n<li>\u6804\u990a\u5b66\u5404\u8ad6<\/li>\n<li>\u6804\u990a\u5b66\u5404\u8ad6\u5b9f\u7fd2<\/li>\n<li>\u81e8\u5e8a\u6804\u990a\u5b66\u7dcf\u8ad6<\/li>\n<li>\u81e8\u5e8a\u6804\u990a\u5b66\u5404\u8ad6<\/li>\n<li>\u81e8\u5e8a\u6804\u990a\u5b66\u5b9f\u7fd2<\/li>\n<\/ul>\n<ul class=\"ul_course02 clearfix\">\n<li class=\"tit_nutrition\">\u6804\u990a\u306e\u6307\u5c0e<\/li>\n<li>\u6804\u990a\u6307\u5c0e\u8ad6<\/li>\n<li>\u6804\u990a\u6307\u5c0e\u5b9f\u7fd2<\/li>\n<li>\u6804\u990a\u6559\u80b2\u8ad6<\/li>\n<li>\u516c\u8846\u6804\u990a\u5b66<\/li>\n<\/ul>\n<ul class=\"ul_course02 clearfix\">\n<li class=\"tit_nutrition\">\u7d66\u98df\u306e\u904b\u55b6<\/li>\n<li>\u8abf\u7406\u5b66<\/li>\n<li>\u98df\u4e8b\u8a2d\u8a08\u5b9f\u7fd2<\/li>\n<li>\u8abf\u7406\u306e\u57fa\u672cI<\/li>\n<li>\u8abf\u7406\u306e\u57fa\u672cII<\/li>\n<li>\u5fdc\u7528\u8abf\u7406\u5b9f\u7fd2I<\/li>\n<li>\u5fdc\u7528\u8abf\u7406\u5b9f\u7fd2II<\/li>\n<li>\u7d66\u98df\u904b\u55b6\u8ad6<\/li>\n<li>\u7d66\u98df\u904b\u55b6\u5b9f\u7fd2I<\/li>\n<li>\u7d66\u98df\u904b\u55b6\u5b9f\u7fd2II<\/li>\n<li>\u7d66\u98df\u904b\u55b6\u5b9f\u7fd2III<\/li>\n<li>\u7d66\u98df\u904b\u55b6\u5b9f\u7fd2IV<\/li>\n<\/ul>\n<ul class=\"ul_course02 clearfix\">\n<li class=\"tit_nutrition\">\u57fa\u790e\u79d1\u76ee<\/li>\n<li>\u98df\u306e\u79d1\u5b66<\/li>\n<li>\u60c5\u5831\u51e6\u7406\u6f14\u7fd2<\/li>\n<li>\u6804\u990a\u3068\u7d71\u8a08<\/li>\n<\/ul>\n<ul class=\"ul_course02 clearfix\">\n<li class=\"tit_nutrition\">\u767a\u5c55\u79d1\u76ee<\/li>\n<li>\u6804\u990a\u58eb\u7279\u8b1b\u2160<\/li>\n<li>\u6804\u990a\u58eb\u7279\u8b1b\u2161<\/li>\n<li>\u98df\u54c1\u52a0\u5de5\u5b66\u5b9f\u7fd2<\/li>\n<\/ul>\n<ul class=\"ul_course02 clearfix\">\n<li class=\"tit_nutrition\">\u5b66\u969b<\/li>\n<li>\u4fdd\u80b2\u5b66<\/li>\n<li>\u5bb6\u653f\u5b66<\/li>\n<li>\u60c5\u5831\u51e6\u7406\u6f14\u7fd2\u2161<\/li>\n<li>\u30b7\u30e7\u30c3\u30d7\u30c7\u30b6\u30a4\u30f3<\/li>\n<li>\u30e9\u30a4\u30d5\u30b9\u30bf\u30a4\u30eb\u3068\u5065\u5eb7<\/li>\n<li>\u98df\u6587\u5316\u8ad6<\/li>\n<li>\u30db\u30c6\u30eb\u30b5\u30fc\u30d3\u30b9I<\/li>\n<li>\u30db\u30c6\u30eb\u30b5\u30fc\u30d3\u30b9II<\/li>\n<li>\u30d3\u30d0\u30ec\u30c3\u30b8I<\/li>\n<li>\u30d3\u30d0\u30ec\u30c3\u30b8II<\/li>\n<li>\u30ec\u30b9\u30c8\u30e9\u30f3\u30b5\u30fc\u30d3\u30b9I<\/li>\n<li>\u30ec\u30b9\u30c8\u30e9\u30f3\u30b5\u30fc\u30d3\u30b9II<\/li>\n<li>\u30ec\u30b9\u30c8\u30e9\u30f3\u30b5\u30fc\u30d3\u30b9III\uff08\u30a4\u30f3\u30bf\u30fc\u30f3\u30b7\u30c3\u30d7\uff09<\/li>\n<li>\u30ec\u30b9\u30c8\u30e9\u30f3\u30b5\u30fc\u30d3\u30b9IV<\/li>\n<li>\u30b9\u30a4\u30fc\u30c4\u30de\u30a4\u30b9\u30bf\u30fcI<\/li>\n<li>\u30b9\u30a4\u30fc\u30c4\u30de\u30a4\u30b9\u30bf\u30fcII<\/li>\n<li>\u30b9\u30a4\u30fc\u30c4\u30de\u30a4\u30b9\u30bf\u30fcIII<\/li>\n<\/ul>\n<ul class=\"ul_course02 clearfix\">\n<li class=\"tit_nutrition\">\u5352\u696d\u8981\u4ef6<\/li>\n<li>\u793e\u4f1a\u4eba\u57fa\u790e\u529b\u80b2\u6210\u8b1b\u5ea7I<\/li>\n<li>\u793e\u4f1a\u4eba\u57fa\u790e\u529b\u80b2\u6210\u8b1b\u5ea7II<\/li>\n<li>\u57fa\u790e\u6f14\u7fd2<\/li>\n<li>\u5352\u696d\u6f14\u7fd2I<\/li>\n<li>\u5352\u696d\u6f14\u7fd2II<\/li>\n<\/ul>\n<\/div>\n<\/section>\n<hr>\n<section>\n<ul class=\"ul_wrap_3column\">\n<li><a href=\"http:\/\/openclinic.heteml.net\/dev\/ygjc\/wp-content\/themes\/wsc8\/pdf\/document\/diploma_policy_2022.pdf\" class=\"btn_org01\" target=\"_blank\" rel=\"noopener\"><span class=\"icn_pdf01\">\u30c7\u30a3\u30d7\u30ed\u30de\u30fb\u30dd\u30ea\u30b7\u30fc<\/span><\/a><\/li>\n<li><a href=\"http:\/\/openclinic.heteml.net\/dev\/ygjc\/wp-content\/themes\/wsc8\/pdf\/document\/curriculum_policy_2022.pdf\" class=\"btn_org01\" target=\"_blank\" rel=\"noopener\"><span class=\"icn_pdf01\">\u30ab\u30ea\u30ad\u30e5\u30e9\u30e0\u30fb\u30dd\u30ea\u30b7\u30fc<\/span><\/a><\/li>\n<li><a href=\"http:\/\/openclinic.heteml.net\/dev\/ygjc\/wp-content\/themes\/wsc8\/pdf\/document\/admission_policy_2022.pdf\" class=\"btn_org01\" target=\"_blank\" rel=\"noopener\"><span class=\"icn_pdf01\">\u30a2\u30c9\u30df\u30c3\u30b7\u30e7\u30f3\u30fb\u30dd\u30ea\u30b7\u30fc<\/span><\/a><\/li>\n<li><a href=\"http:\/\/openclinic.heteml.net\/dev\/ygjc\/wp-content\/themes\/wsc8\/pdf\/document\/assessment_plan_2022.pdf\" class=\"btn_org01\" target=\"_blank\" rel=\"noopener\"><span class=\"icn_pdf01\">\u30a2\u30bb\u30b9\u30e1\u30f3\u30c8\u30d7\u30e9\u30f3<\/span><\/a><\/li>\n<\/ul>\n<\/section>\n<\/div>\n<\/div>\n<p><!--====================\u25b2contents====================--><\/p>\n","protected":false},"excerpt":{"rendered":"<p>\u98df\u7269\u6804\u990a\u79d1 \u6804\u990a\u58eb\u30b3\u30fc\u30b9 HOME \u5b66\u79d1\u6848\u5185 \u98df\u7269\u6804\u990a\u79d1 \u6804\u990a\u58eb\u30b3\u30fc\u30b9 \u53d6\u5f97\u3067\u304d\u308b\u5b66\u4f4d \u53d6\u5f97\u3067\u304d\u308b\u8cc7\u683c\u3001\u3081\u3056\u3059\u8cc7\u683c \u6559\u80b2\u76ee\u6a19 \u9032\u8def\u72b6\u6cc1 \u6559\u80b2\u79d1\u76ee \u6559\u54e1\u7d39\u4ecb &#8230;<\/p>\n","protected":false},"author":1,"featured_media":0,"parent":53,"menu_order":20,"comment_status":"closed","ping_status":"closed","template":"","meta":{"footnotes":""},"class_list":["post-62","page","type-page","status-publish","hentry"],"acf":[],"_links":{"self":[{"href":"http:\/\/openclinic.heteml.net\/dev\/ygjc\/wp-json\/wp\/v2\/pages\/62","targetHints":{"allow":["GET"]}}],"collection":[{"href":"http:\/\/openclinic.heteml.net\/dev\/ygjc\/wp-json\/wp\/v2\/pages"}],"about":[{"href":"http:\/\/openclinic.heteml.net\/dev\/ygjc\/wp-json\/wp\/v2\/types\/page"}],"author":[{"embeddable":true,"href":"http:\/\/openclinic.heteml.net\/dev\/ygjc\/wp-json\/wp\/v2\/users\/1"}],"replies":[{"embeddable":true,"href":"http:\/\/openclinic.heteml.net\/dev\/ygjc\/wp-json\/wp\/v2\/comments?post=62"}],"version-history":[{"count":3,"href":"http:\/\/openclinic.heteml.net\/dev\/ygjc\/wp-json\/wp\/v2\/pages\/62\/revisions"}],"predecessor-version":[{"id":328,"href":"http:\/\/openclinic.heteml.net\/dev\/ygjc\/wp-json\/wp\/v2\/pages\/62\/revisions\/328"}],"up":[{"embeddable":true,"href":"http:\/\/openclinic.heteml.net\/dev\/ygjc\/wp-json\/wp\/v2\/pages\/53"}],"wp:attachment":[{"href":"http:\/\/openclinic.heteml.net\/dev\/ygjc\/wp-json\/wp\/v2\/media?parent=62"}],"curies":[{"name":"wp","href":"https:\/\/api.w.org\/{rel}","templated":true}]}}